{"id":1390,"date":"2025-08-26T14:25:09","date_gmt":"2025-08-26T14:25:09","guid":{"rendered":"https:\/\/brc-associes.fr\/?page_id=1390"},"modified":"2025-11-09T08:51:50","modified_gmt":"2025-11-09T08:51:50","slug":"competence-territoriale","status":"publish","type":"page","link":"https:\/\/brc-associes.fr\/index.php\/competence-territoriale\/","title":{"rendered":"Comp\u00e9tence territoriale"},"content":{"rendered":"<p><div class=\"fusion-fullwidth fullwidth-box fusion-builder-row-1 fusion-flex-container has-pattern-background has-mask-background nonhundred-percent-fullwidth non-hundred-percent-height-scrolling\" style=\"--awb-border-radius-top-left:0px;--awb-border-radius-top-right:0px;--awb-border-radius-bottom-right:0px;--awb-border-radius-bottom-left:0px;--awb-background-color:var(--awb-custom_color_1);--awb-flex-wrap:wrap;\" ><div class=\"fusion-builder-row fusion-row fusion-flex-align-items-flex-start fusion-flex-content-wrap\" style=\"max-width:1216.8px;margin-left: calc(-4% \/ 2 );margin-right: calc(-4% \/ 2 );\"><div class=\"fusion-layout-column fusion_builder_column fusion-builder-column-0 fusion_builder_column_1_1 1_1 fusion-flex-column\" style=\"--awb-bg-size:cover;--awb-width-large:100%;--awb-margin-top-large:0px;--awb-spacing-right-large:1.92%;--awb-margin-bottom-large:20px;--awb-spacing-left-large:1.92%;--awb-width-medium:100%;--awb-order-medium:0;--awb-spacing-right-medium:1.92%;--awb-spacing-left-medium:1.92%;--awb-width-small:100%;--awb-order-small:0;--awb-spacing-right-small:1.92%;--awb-spacing-left-small:1.92%;\"><div class=\"fusion-column-wrapper fusion-column-has-shadow fusion-flex-justify-content-flex-start fusion-content-layout-column\"><div class=\"fusion-separator fusion-full-width-sep\" style=\"align-self: center;margin-left: auto;margin-right: auto;width:100%;\"><div class=\"fusion-separator-border sep-single sep-solid\" style=\"--awb-height:20px;--awb-amount:20px;--awb-sep-color:var(--awb-color4);border-color:var(--awb-color4);border-top-width:5px;\"><\/div><\/div><div class=\"fusion-text fusion-text-1\" style=\"--awb-content-alignment:center;--awb-font-size:40px;--awb-text-transform:none;--awb-text-color:var(--awb-color7);--awb-text-font-family:&quot;Playfair Display&quot;;--awb-text-font-style:normal;--awb-text-font-weight:400;\"><p>Notre comp\u00e9tence territoriale<\/p>\n<\/div><div class=\"fusion-separator fusion-full-width-sep\" style=\"align-self: center;margin-left: auto;margin-right: auto;width:100%;\"><div class=\"fusion-separator-border sep-single sep-solid\" style=\"--awb-height:20px;--awb-amount:20px;--awb-sep-color:var(--awb-color4);border-color:var(--awb-color4);border-top-width:5px;\"><\/div><\/div><\/div><\/div><\/div><\/div><div class=\"fusion-fullwidth fullwidth-box fusion-builder-row-2 fusion-flex-container has-pattern-background has-mask-background nonhundred-percent-fullwidth non-hundred-percent-height-scrolling\" style=\"--awb-border-radius-top-left:0px;--awb-border-radius-top-right:0px;--awb-border-radius-bottom-right:0px;--awb-border-radius-bottom-left:0px;--awb-background-color:var(--awb-custom_color_1);--awb-flex-wrap:wrap;\" ><div class=\"fusion-builder-row fusion-row fusion-flex-align-items-flex-start fusion-flex-content-wrap\" style=\"max-width:1216.8px;margin-left: calc(-4% \/ 2 );margin-right: calc(-4% \/ 2 );\"><div class=\"fusion-layout-column fusion_builder_column fusion-builder-column-1 fusion_builder_column_1_1 1_1 fusion-flex-column\" style=\"--awb-bg-size:cover;--awb-width-large:100%;--awb-margin-top-large:0px;--awb-spacing-right-large:1.92%;--awb-margin-bottom-large:20px;--awb-spacing-left-large:1.92%;--awb-width-medium:100%;--awb-order-medium:0;--awb-spacing-right-medium:1.92%;--awb-spacing-left-medium:1.92%;--awb-width-small:100%;--awb-order-small:0;--awb-spacing-right-small:1.92%;--awb-spacing-left-small:1.92%;\"><div class=\"fusion-column-wrapper fusion-column-has-shadow fusion-flex-justify-content-flex-start fusion-content-layout-column\"><div class=\"fusion-title title fusion-title-1 fusion-title-text fusion-title-size-one\" style=\"--awb-text-color:var(--awb-color7);--awb-font-size:20px;\"><div class=\"title-sep-container title-sep-container-left fusion-no-large-visibility fusion-no-medium-visibility fusion-no-small-visibility\"><div class=\"title-sep sep- sep-solid\" style=\"border-color:var(--awb-color3);\"><\/div><\/div><span class=\"awb-title-spacer fusion-no-large-visibility fusion-no-medium-visibility fusion-no-small-visibility\"><\/span><h1 class=\"fusion-title-heading title-heading-left\" style=\"font-family:&quot;Playfair Display&quot;;font-style:normal;font-weight:400;margin:0;font-size:1em;text-transform:none;\">Comp\u00e9tence en mati\u00e8re de signification et ex\u00e9cution des d\u00e9cisions de justice<\/h1><span class=\"awb-title-spacer\"><\/span><div class=\"title-sep-container title-sep-container-right\"><div class=\"title-sep sep- sep-solid\" style=\"border-color:var(--awb-color3);\"><\/div><\/div><\/div><\/div><\/div><\/div><\/div><div class=\"fusion-fullwidth fullwidth-box fusion-builder-row-3 fusion-flex-container has-pattern-background has-mask-background nonhundred-percent-fullwidth non-hundred-percent-height-scrolling\" style=\"--link_color: var(--awb-color4);--awb-border-radius-top-left:0px;--awb-border-radius-top-right:0px;--awb-border-radius-bottom-right:0px;--awb-border-radius-bottom-left:0px;--awb-background-color:var(--awb-custom_color_1);--awb-flex-wrap:wrap;\" ><div class=\"fusion-builder-row fusion-row fusion-flex-align-items-flex-start fusion-flex-content-wrap\" style=\"max-width:1216.8px;margin-left: calc(-4% \/ 2 );margin-right: calc(-4% \/ 2 );\"><div class=\"fusion-layout-column fusion_builder_column fusion-builder-column-2 fusion_builder_column_1_1 1_1 fusion-flex-column\" style=\"--awb-bg-size:cover;--awb-width-large:100%;--awb-margin-top-large:0px;--awb-spacing-right-large:1.92%;--awb-margin-bottom-large:20px;--awb-spacing-left-large:1.92%;--awb-width-medium:100%;--awb-order-medium:0;--awb-spacing-right-medium:1.92%;--awb-spacing-left-medium:1.92%;--awb-width-small:100%;--awb-order-small:0;--awb-spacing-right-small:1.92%;--awb-spacing-left-small:1.92%;\"><div class=\"fusion-column-wrapper fusion-column-has-shadow fusion-flex-justify-content-flex-start fusion-content-layout-column\"><div class=\"fusion-text fusion-text-2\" style=\"--awb-content-alignment:justify;--awb-text-color:var(--awb-color7);--awb-text-font-family:&quot;Playfair Display&quot;;--awb-text-font-style:normal;--awb-text-font-weight:400;\"><p data-start=\"305\" data-end=\"604\">Notre \u00e9tude de Commissaires de justice est comp\u00e9tente sur l\u2019ensemble du ressort de la <strong data-start=\"391\" data-end=\"421\">Cour d\u2019appel de Versailles.<\/strong>&nbsp;Nous intervenons ainsi pour la signification des actes et l\u2019ex\u00e9cution des d\u00e9cisions de justice dans les d\u00e9partements suivants :<\/p>\n<ul data-start=\"606\" data-end=\"705\">\n<li data-start=\"606\" data-end=\"627\">\n<p data-start=\"608\" data-end=\"627\"><strong data-start=\"608\" data-end=\"625\">Yvelines (78)<\/strong><\/p>\n<\/li>\n<li data-start=\"628\" data-end=\"655\">\n<p data-start=\"630\" data-end=\"655\"><strong data-start=\"630\" data-end=\"653\">Hauts-de-Seine (92)<\/strong><\/p>\n<\/li>\n<li data-start=\"656\" data-end=\"679\">\n<p data-start=\"658\" data-end=\"679\"><strong data-start=\"658\" data-end=\"677\">Val-d\u2019Oise (95)<\/strong><\/p>\n<\/li>\n<li data-start=\"680\" data-end=\"705\">\n<p data-start=\"682\" data-end=\"705\"><strong data-start=\"682\" data-end=\"703\">Eure-et-Loir (28)<\/strong><\/p>\n<\/li>\n<\/ul>\n<p data-start=\"707\" data-end=\"935\">Situ\u00e9s \u00e0 Versailles (78000), au c\u0153ur de l&rsquo;Ouest parisien, nous assurons une pr\u00e9sence r\u00e9active et efficace aupr\u00e8s des juridictions et justiciables relevant de notre ressort.<\/p>\n<p data-start=\"937\" data-end=\"1160\">Gr\u00e2ce \u00e0 cette implantation strat\u00e9gique, nous sommes en mesure de r\u00e9pondre rapidement \u00e0 vos besoins sur un territoire vaste et dynamique, en garantissant la proximit\u00e9 et la qualit\u00e9 de service qui caract\u00e9risent notre \u00e9tude.<\/p>\n<\/div><div class=\"fusion-title title fusion-title-2 fusion-title-text fusion-title-size-one\" style=\"--awb-text-color:var(--awb-color7);--awb-font-size:20px;\"><div class=\"title-sep-container title-sep-container-left fusion-no-large-visibility fusion-no-medium-visibility fusion-no-small-visibility\"><div class=\"title-sep sep- sep-solid\" style=\"border-color:var(--awb-color3);\"><\/div><\/div><span class=\"awb-title-spacer fusion-no-large-visibility fusion-no-medium-visibility fusion-no-small-visibility\"><\/span><h1 class=\"fusion-title-heading title-heading-left\" style=\"font-family:&quot;Playfair Display&quot;;font-style:normal;font-weight:400;margin:0;font-size:1em;text-transform:none;\">Comp\u00e9tence en mati\u00e8re de constat<\/h1><span class=\"awb-title-spacer\"><\/span><div class=\"title-sep-container title-sep-container-right\"><div class=\"title-sep sep- sep-solid\" style=\"border-color:var(--awb-color3);\"><\/div><\/div><\/div><div class=\"fusion-text fusion-text-3\" style=\"--awb-content-alignment:justify;--awb-text-color:var(--awb-color7);--awb-margin-top:20px;--awb-text-font-family:&quot;Playfair Display&quot;;--awb-text-font-style:normal;--awb-text-font-weight:400;\"><p><span style=\"background-color: rgba(0, 0, 0, 0);\">Si la comp\u00e9tence territoriale de notre \u00e9tude est limit\u00e9e au ressort de la Cour d\u2019appel de Versailles pour la signification et l\u2019ex\u00e9cution des d\u00e9cisions de justice, il en est autrement pour les constats.<\/span><\/p>\n<p>En effet, les commissaires de justice disposent d\u2019une comp\u00e9tence nationale en mati\u00e8re de constats. Cela signifie que nous pouvons intervenir partout en France, quel que soit le lieu de la situation \u00e0 constater : litiges immobiliers, malfa\u00e7ons, troubles de voisinage, ou encore constats num\u00e9riques et internet.<\/p>\n<\/div><\/div><\/div><\/div><\/div><\/p>\n","protected":false},"excerpt":{"rendered":"","protected":false},"author":1,"featured_media":0,"parent":0,"menu_order":0,"comment_status":"closed","ping_status":"closed","template":"","meta":{"footnotes":""},"class_list":["post-1390","page","type-page","status-publish","hentry"],"_links":{"self":[{"href":"https:\/\/brc-associes.fr\/index.php\/wp-json\/wp\/v2\/pages\/1390","targetHints":{"allow":["GET"]}}],"collection":[{"href":"https:\/\/brc-associes.fr\/index.php\/wp-json\/wp\/v2\/pages"}],"about":[{"href":"https:\/\/brc-associes.fr\/index.php\/wp-json\/wp\/v2\/types\/page"}],"author":[{"embeddable":true,"href":"https:\/\/brc-associes.fr\/index.php\/wp-json\/wp\/v2\/users\/1"}],"replies":[{"embeddable":true,"href":"https:\/\/brc-associes.fr\/index.php\/wp-json\/wp\/v2\/comments?post=1390"}],"version-history":[{"count":8,"href":"https:\/\/brc-associes.fr\/index.php\/wp-json\/wp\/v2\/pages\/1390\/revisions"}],"predecessor-version":[{"id":1714,"href":"https:\/\/brc-associes.fr\/index.php\/wp-json\/wp\/v2\/pages\/1390\/revisions\/1714"}],"wp:attachment":[{"href":"https:\/\/brc-associes.fr\/index.php\/wp-json\/wp\/v2\/media?parent=1390"}],"curies":[{"name":"wp","href":"https:\/\/api.w.org\/{rel}","templated":true}]}}